{"id":767,"date":"2020-05-28T11:39:10","date_gmt":"2020-05-28T11:39:10","guid":{"rendered":"https:\/\/sarasbest.com\/?page_id=767"},"modified":"2024-09-03T23:45:28","modified_gmt":"2024-09-03T23:45:28","slug":"glad-boots","status":"publish","type":"page","link":"https:\/\/sarasbest.com\/es\/glad-boots\/","title":{"rendered":"Glad Boots"},"content":{"rendered":"<div data-elementor-type=\"wp-page\" data-elementor-id=\"767\" class=\"elementor elementor-767\" data-elementor-post-type=\"page\">\n\t\t\t\t\t\t<section class=\"has_eae_slider elementor-section elementor-top-section elementor-element elementor-element-9763104 elementor-section-stretched elementor-section-height-min-height elementor-section-items-top elementor-section-boxed elementor-section-height-default\" data-eae-slider=\"36252\" data-id=\"9763104\" data-element_type=\"section\" data-settings=\"{&quot;stretch_section&quot;:&quot;section-stretched&quot;,&quot;background_background&quot;:&quot;classic&quot;}\">\n\t\t\t\t\t\t<div class=\"elementor-container elementor-column-gap-default\">\n\t\t\t\t\t<div class=\"has_eae_slider elementor-column elementor-col-100 elementor-top-column elementor-element elementor-element-8f37ac5\" data-eae-slider=\"71459\" data-id=\"8f37ac5\" data-element_type=\"column\" data-settings=\"{&quot;background_background&quot;:&quot;classic&quot;}\">\n\t\t\t<div class=\"elementor-widget-wrap elementor-element-populated\">\n\t\t\t\t\t\t<div class=\"elementor-element elementor-element-cf23286 elementor-widget elementor-widget-image\" data-id=\"cf23286\" data-element_type=\"widget\" data-widget_type=\"image.default\">\n\t\t\t\t<div class=\"elementor-widget-container\">\n\t\t\t\t\t\t\t\t\t\t\t\t\t\t\t\t<a href=\"https:\/\/sarasbest.com\/es\/glad-boots\/\">\n\t\t\t\t\t\t\t<img decoding=\"async\" src=\"https:\/\/sarasbest.com\/wp-content\/uploads\/elementor\/thumbs\/Title_Glad_Boots-oanyhnd4sv3f9isa2rwlvqwxu2c1l3ti53wev9nrgk.png\" title=\"Title_Glad_Boots\" alt=\"Title_Glad_Boots\" loading=\"lazy\" \/>\t\t\t\t\t\t\t\t<\/a>\n\t\t\t\t\t\t\t\t\t\t\t\t\t\t\t<\/div>\n\t\t\t\t<\/div>\n\t\t\t\t<div class=\"elementor-element elementor-element-03c8f1c elementor-widget elementor-widget-text-editor\" data-id=\"03c8f1c\" data-element_type=\"widget\" data-widget_type=\"text-editor.default\">\n\t\t\t\t<div class=\"elementor-widget-container\">\n\t\t\t\t\t\t\t\t\t<div dir=\"ltr\"><div>\u201cAbsolutamente un WOW en estilo y en moda!\u201d<\/div><div>La fusi\u00f3n de sandalia, bota, cuero y accesorios de la m\u00e1s alta calidad te sorprender\u00e1. \nCon Glad Boots podr\u00e1s ir de la playa, a la piscina del hotel y de vuelta al mayor evento nocturno.<\/div><\/div>\t\t\t\t\t\t\t\t<\/div>\n\t\t\t\t<\/div>\n\t\t\t\t\t<\/div>\n\t\t<\/div>\n\t\t\t\t\t<\/div>\n\t\t<\/section>\n\t\t\t\t<section class=\"has_eae_slider elementor-section elementor-top-section elementor-element elementor-element-b4d5559 elementor-section-full_width elementor-section-height-default elementor-section-height-default\" data-eae-slider=\"16960\" data-id=\"b4d5559\" data-element_type=\"section\">\n\t\t\t\t\t\t<div class=\"elementor-container elementor-column-gap-default\">\n\t\t\t\t\t<div class=\"has_eae_slider elementor-column elementor-col-100 elementor-top-column elementor-element elementor-element-0cc4ebe\" data-eae-slider=\"11444\" data-id=\"0cc4ebe\" data-element_type=\"column\">\n\t\t\t<div class=\"elementor-widget-wrap elementor-element-populated\">\n\t\t\t\t\t\t<div class=\"elementor-element elementor-element-a3f66af elementor-widget elementor-widget-heading\" data-id=\"a3f66af\" data-element_type=\"widget\" data-widget_type=\"heading.default\">\n\t\t\t\t<div class=\"elementor-widget-container\">\n\t\t\t\t\t<h2 class=\"elementor-heading-title elementor-size-xl\">NUESTRA COLECCI\u00d3N GLAD BOOTS<\/h2>\t\t\t\t<\/div>\n\t\t\t\t<\/div>\n\t\t\t\t<div class=\"elementor-element elementor-element-a648d7d elementor-widget-divider--view-line elementor-widget elementor-widget-divider\" data-id=\"a648d7d\" data-element_type=\"widget\" data-widget_type=\"divider.default\">\n\t\t\t\t<div class=\"elementor-widget-container\">\n\t\t\t\t\t\t\t<div class=\"elementor-divider\">\n\t\t\t<span class=\"elementor-divider-separator\">\n\t\t\t\t\t\t<\/span>\n\t\t<\/div>\n\t\t\t\t\t\t<\/div>\n\t\t\t\t<\/div>\n\t\t\t\t<section class=\"has_eae_slider elementor-section elementor-inner-section elementor-element elementor-element-e41a4dd elementor-section-full_width elementor-section-height-default elementor-section-height-default\" data-eae-slider=\"46567\" data-id=\"e41a4dd\" data-element_type=\"section\">\n\t\t\t\t\t\t<div class=\"elementor-container elementor-column-gap-default\">\n\t\t\t\t\t<div class=\"has_eae_slider elementor-column elementor-col-50 elementor-inner-column elementor-element elementor-element-d5c9cd6\" data-eae-slider=\"56043\" data-id=\"d5c9cd6\" data-element_type=\"column\">\n\t\t\t<div class=\"elementor-widget-wrap elementor-element-populated\">\n\t\t\t\t\t\t<div class=\"elementor-element elementor-element-0b07bab elementor-position-top elementor-widget elementor-widget-image-box\" data-id=\"0b07bab\" data-element_type=\"widget\" data-widget_type=\"image-box.default\">\n\t\t\t\t<div class=\"elementor-widget-container\">\n\t\t\t\t\t<div class=\"elementor-image-box-wrapper\"><figure class=\"elementor-image-box-img\"><a href=\"https:\/\/sarasbest.com\/es\/producto\/glad-boots-black-champagne\/\" tabindex=\"-1\"><img decoding=\"async\" src=\"https:\/\/sarasbest.com\/wp-content\/uploads\/elementor\/thumbs\/Black-Champagne-Glad-Boots-2-otkel0j8pphvsqn2gkf3yn9cjvrqyivel2how94c8w.jpg\" title=\"Black Champagne Glad Boots 2\" alt=\"Black Champagne Glad Boots 2\" loading=\"lazy\" \/><\/a><\/figure><div class=\"elementor-image-box-content\"><h3 class=\"elementor-image-box-title\"><a href=\"https:\/\/sarasbest.com\/es\/producto\/glad-boots-black-champagne\/\">Glad Boots<\/a><\/h3><p class=\"elementor-image-box-description\">795.00\u20ac<\/p><\/div><\/div>\t\t\t\t<\/div>\n\t\t\t\t<\/div>\n\t\t\t\t<div class=\"elementor-element elementor-element-c3927f5 elementor-align-center elementor-widget elementor-widget-button\" data-id=\"c3927f5\" data-element_type=\"widget\" data-widget_type=\"button.default\">\n\t\t\t\t<div class=\"elementor-widget-container\">\n\t\t\t\t\t\t\t\t\t<div class=\"elementor-button-wrapper\">\n\t\t\t\t\t<a class=\"elementor-button elementor-button-link elementor-size-md elementor-animation-shrink\" href=\"https:\/\/sarasbest.com\/es\/producto\/glad-boots-black-champagne\/\">\n\t\t\t\t\t\t<span class=\"elementor-button-content-wrapper\">\n\t\t\t\t\t\t\t\t\t<span class=\"elementor-button-text\">BLACK CHAMPAGNE<\/span>\n\t\t\t\t\t<\/span>\n\t\t\t\t\t<\/a>\n\t\t\t\t<\/div>\n\t\t\t\t\t\t\t\t<\/div>\n\t\t\t\t<\/div>\n\t\t\t\t<div class=\"elementor-element elementor-element-18fa1b0 elementor-widget-divider--view-line elementor-widget elementor-widget-divider\" data-id=\"18fa1b0\" data-element_type=\"widget\" data-widget_type=\"divider.default\">\n\t\t\t\t<div class=\"elementor-widget-container\">\n\t\t\t\t\t\t\t<div class=\"elementor-divider\">\n\t\t\t<span class=\"elementor-divider-separator\">\n\t\t\t\t\t\t<\/span>\n\t\t<\/div>\n\t\t\t\t\t\t<\/div>\n\t\t\t\t<\/div>\n\t\t\t\t<div class=\"elementor-element elementor-element-a55ca31 elementor-position-top elementor-widget elementor-widget-image-box\" data-id=\"a55ca31\" data-element_type=\"widget\" data-widget_type=\"image-box.default\">\n\t\t\t\t<div class=\"elementor-widget-container\">\n\t\t\t\t\t<div class=\"elementor-image-box-wrapper\"><figure class=\"elementor-image-box-img\"><a href=\"https:\/\/sarasbest.com\/es\/producto\/glad-boots-honey-gold\/\" tabindex=\"-1\"><img fetchpriority=\"high\" decoding=\"async\" width=\"768\" height=\"549\" src=\"https:\/\/sarasbest.com\/wp-content\/uploads\/2021\/04\/IMG_2329-8-768x549.jpg\" class=\"attachment-medium_large size-medium_large wp-image-2025\" alt=\"\" srcset=\"https:\/\/sarasbest.com\/wp-content\/uploads\/2021\/04\/IMG_2329-8-768x549.jpg 768w, https:\/\/sarasbest.com\/wp-content\/uploads\/2021\/04\/IMG_2329-8-300x214.jpg 300w, https:\/\/sarasbest.com\/wp-content\/uploads\/2021\/04\/IMG_2329-8-1024x731.jpg 1024w, https:\/\/sarasbest.com\/wp-content\/uploads\/2021\/04\/IMG_2329-8-1536x1097.jpg 1536w\" sizes=\"(max-width: 768px) 100vw, 768px\" \/><\/a><\/figure><div class=\"elementor-image-box-content\"><h3 class=\"elementor-image-box-title\"><a href=\"https:\/\/sarasbest.com\/es\/producto\/glad-boots-honey-gold\/\">Glad Boots<\/a><\/h3><p class=\"elementor-image-box-description\">795.00\u20ac<\/p><\/div><\/div>\t\t\t\t<\/div>\n\t\t\t\t<\/div>\n\t\t\t\t<div class=\"elementor-element elementor-element-a73bf3f elementor-align-center elementor-widget elementor-widget-button\" data-id=\"a73bf3f\" data-element_type=\"widget\" data-widget_type=\"button.default\">\n\t\t\t\t<div class=\"elementor-widget-container\">\n\t\t\t\t\t\t\t\t\t<div class=\"elementor-button-wrapper\">\n\t\t\t\t\t<a class=\"elementor-button elementor-button-link elementor-size-md elementor-animation-shrink\" href=\"https:\/\/sarasbest.com\/es\/producto\/glad-boots-honey-gold\/\">\n\t\t\t\t\t\t<span class=\"elementor-button-content-wrapper\">\n\t\t\t\t\t\t\t\t\t<span class=\"elementor-button-text\">DORADA<\/span>\n\t\t\t\t\t<\/span>\n\t\t\t\t\t<\/a>\n\t\t\t\t<\/div>\n\t\t\t\t\t\t\t\t<\/div>\n\t\t\t\t<\/div>\n\t\t\t\t\t<\/div>\n\t\t<\/div>\n\t\t\t\t<div class=\"has_eae_slider elementor-column elementor-col-50 elementor-inner-column elementor-element elementor-element-12455d8\" data-eae-slider=\"16610\" data-id=\"12455d8\" data-element_type=\"column\">\n\t\t\t<div class=\"elementor-widget-wrap elementor-element-populated\">\n\t\t\t\t\t\t<div class=\"elementor-element elementor-element-8020382 elementor-position-top elementor-widget elementor-widget-image-box\" data-id=\"8020382\" data-element_type=\"widget\" data-widget_type=\"image-box.default\">\n\t\t\t\t<div class=\"elementor-widget-container\">\n\t\t\t\t\t<div class=\"elementor-image-box-wrapper\"><figure class=\"elementor-image-box-img\"><a href=\"https:\/\/sarasbest.com\/es\/producto\/glad-boots-frozen-white\/\" tabindex=\"-1\"><img decoding=\"async\" src=\"https:\/\/sarasbest.com\/wp-content\/uploads\/elementor\/thumbs\/Frozen-White-Glad-Boot-Outfit-2-otkfb2m66d61nksgatws32jdefc2cgbiu1k9uehfr4.jpg\" title=\"Frozen White Glad Boot Outfit 2\" alt=\"Frozen White Glad Boot Outfit 2\" loading=\"lazy\" \/><\/a><\/figure><div class=\"elementor-image-box-content\"><h3 class=\"elementor-image-box-title\"><a href=\"https:\/\/sarasbest.com\/es\/producto\/glad-boots-frozen-white\/\">Glad Boots<\/a><\/h3><p class=\"elementor-image-box-description\">795.00<\/p><\/div><\/div>\t\t\t\t<\/div>\n\t\t\t\t<\/div>\n\t\t\t\t<div class=\"elementor-element elementor-element-4214aeb elementor-align-center elementor-widget elementor-widget-button\" data-id=\"4214aeb\" data-element_type=\"widget\" data-widget_type=\"button.default\">\n\t\t\t\t<div class=\"elementor-widget-container\">\n\t\t\t\t\t\t\t\t\t<div class=\"elementor-button-wrapper\">\n\t\t\t\t\t<a class=\"elementor-button elementor-button-link elementor-size-md elementor-animation-shrink\" href=\"https:\/\/sarasbest.com\/es\/producto\/glad-boots-frozen-white\/\">\n\t\t\t\t\t\t<span class=\"elementor-button-content-wrapper\">\n\t\t\t\t\t\t\t\t\t<span class=\"elementor-button-text\">FROZEN WHITE<\/span>\n\t\t\t\t\t<\/span>\n\t\t\t\t\t<\/a>\n\t\t\t\t<\/div>\n\t\t\t\t\t\t\t\t<\/div>\n\t\t\t\t<\/div>\n\t\t\t\t<div class=\"elementor-element elementor-element-6174364 elementor-widget-divider--view-line elementor-widget elementor-widget-divider\" data-id=\"6174364\" data-element_type=\"widget\" data-widget_type=\"divider.default\">\n\t\t\t\t<div class=\"elementor-widget-container\">\n\t\t\t\t\t\t\t<div class=\"elementor-divider\">\n\t\t\t<span class=\"elementor-divider-separator\">\n\t\t\t\t\t\t<\/span>\n\t\t<\/div>\n\t\t\t\t\t\t<\/div>\n\t\t\t\t<\/div>\n\t\t\t\t<div class=\"elementor-element elementor-element-bc16721 elementor-position-top elementor-widget elementor-widget-image-box\" data-id=\"bc16721\" data-element_type=\"widget\" data-widget_type=\"image-box.default\">\n\t\t\t\t<div class=\"elementor-widget-container\">\n\t\t\t\t\t<div class=\"elementor-image-box-wrapper\"><figure class=\"elementor-image-box-img\"><a href=\"https:\/\/sarasbest.com\/es\/producto\/glad-boots-rose-gold\/\" tabindex=\"-1\"><img decoding=\"async\" width=\"768\" height=\"512\" src=\"https:\/\/sarasbest.com\/wp-content\/uploads\/2021\/04\/Glad-Boots-Rose-Gold-Feature-768x512.jpg\" class=\"attachment-medium_large size-medium_large wp-image-2036\" alt=\"\" srcset=\"https:\/\/sarasbest.com\/wp-content\/uploads\/2021\/04\/Glad-Boots-Rose-Gold-Feature-768x512.jpg 768w, https:\/\/sarasbest.com\/wp-content\/uploads\/2021\/04\/Glad-Boots-Rose-Gold-Feature-300x200.jpg 300w, https:\/\/sarasbest.com\/wp-content\/uploads\/2021\/04\/Glad-Boots-Rose-Gold-Feature-1024x683.jpg 1024w, https:\/\/sarasbest.com\/wp-content\/uploads\/2021\/04\/Glad-Boots-Rose-Gold-Feature-16x12.jpg 16w, https:\/\/sarasbest.com\/wp-content\/uploads\/2021\/04\/Glad-Boots-Rose-Gold-Feature-600x400.jpg 600w, https:\/\/sarasbest.com\/wp-content\/uploads\/2021\/04\/Glad-Boots-Rose-Gold-Feature.jpg 1200w\" sizes=\"(max-width: 768px) 100vw, 768px\" \/><\/a><\/figure><div class=\"elementor-image-box-content\"><h3 class=\"elementor-image-box-title\"><a href=\"https:\/\/sarasbest.com\/es\/producto\/glad-boots-rose-gold\/\">Glad Boots<\/a><\/h3><p class=\"elementor-image-box-description\">795.00\u20ac<\/p><\/div><\/div>\t\t\t\t<\/div>\n\t\t\t\t<\/div>\n\t\t\t\t<div class=\"elementor-element elementor-element-fd8b1c5 elementor-align-center elementor-widget elementor-widget-button\" data-id=\"fd8b1c5\" data-element_type=\"widget\" data-widget_type=\"button.default\">\n\t\t\t\t<div class=\"elementor-widget-container\">\n\t\t\t\t\t\t\t\t\t<div class=\"elementor-button-wrapper\">\n\t\t\t\t\t<a class=\"elementor-button elementor-button-link elementor-size-md elementor-animation-shrink\" href=\"https:\/\/sarasbest.com\/es\/producto\/glad-boots-rose-gold\/\">\n\t\t\t\t\t\t<span class=\"elementor-button-content-wrapper\">\n\t\t\t\t\t\t\t\t\t<span class=\"elementor-button-text\">ORO ROSA<\/span>\n\t\t\t\t\t<\/span>\n\t\t\t\t\t<\/a>\n\t\t\t\t<\/div>\n\t\t\t\t\t\t\t\t<\/div>\n\t\t\t\t<\/div>\n\t\t\t\t\t<\/div>\n\t\t<\/div>\n\t\t\t\t\t<\/div>\n\t\t<\/section>\n\t\t\t\t\t<\/div>\n\t\t<\/div>\n\t\t\t\t\t<\/div>\n\t\t<\/section>\n\t\t\t\t<section class=\"has_eae_slider elementor-section elementor-top-section elementor-element elementor-element-3e9f65d elementor-section-boxed elementor-section-height-default elementor-section-height-default\" data-eae-slider=\"69005\" data-id=\"3e9f65d\" data-element_type=\"section\" data-settings=\"{&quot;background_background&quot;:&quot;classic&quot;}\">\n\t\t\t\t\t\t<div class=\"elementor-container elementor-column-gap-default\">\n\t\t\t\t\t<div class=\"has_eae_slider elementor-column elementor-col-50 elementor-top-column elementor-element elementor-element-295285ef\" data-eae-slider=\"90394\" data-id=\"295285ef\" data-element_type=\"column\">\n\t\t\t<div class=\"elementor-widget-wrap elementor-element-populated\">\n\t\t\t\t\t\t<div class=\"elementor-element elementor-element-44b0848a elementor-widget elementor-widget-image\" data-id=\"44b0848a\" data-element_type=\"widget\" data-widget_type=\"image.default\">\n\t\t\t\t<div class=\"elementor-widget-container\">\n\t\t\t\t\t\t\t\t\t\t\t\t\t\t\t<img decoding=\"async\" width=\"300\" height=\"300\" src=\"https:\/\/sarasbest.com\/wp-content\/uploads\/2020\/08\/Perfect-Complements-Feature-2-1x1-1-300x300.jpg\" class=\"attachment-medium size-medium wp-image-1121\" alt=\"\" srcset=\"https:\/\/sarasbest.com\/wp-content\/uploads\/2020\/08\/Perfect-Complements-Feature-2-1x1-1-300x300.jpg 300w, https:\/\/sarasbest.com\/wp-content\/uploads\/2020\/08\/Perfect-Complements-Feature-2-1x1-1-150x150.jpg 150w, https:\/\/sarasbest.com\/wp-content\/uploads\/2020\/08\/Perfect-Complements-Feature-2-1x1-1-768x768.jpg 768w, https:\/\/sarasbest.com\/wp-content\/uploads\/2020\/08\/Perfect-Complements-Feature-2-1x1-1-600x600.jpg 600w, https:\/\/sarasbest.com\/wp-content\/uploads\/2020\/08\/Perfect-Complements-Feature-2-1x1-1-100x100.jpg 100w, https:\/\/sarasbest.com\/wp-content\/uploads\/2020\/08\/Perfect-Complements-Feature-2-1x1-1.jpg 1000w\" sizes=\"(max-width: 300px) 100vw, 300px\" \/>\t\t\t\t\t\t\t\t\t\t\t\t\t\t\t<\/div>\n\t\t\t\t<\/div>\n\t\t\t\t\t<\/div>\n\t\t<\/div>\n\t\t\t\t<div class=\"has_eae_slider elementor-column elementor-col-50 elementor-top-column elementor-element elementor-element-79bdbb5d\" data-eae-slider=\"80261\" data-id=\"79bdbb5d\" data-element_type=\"column\">\n\t\t\t<div class=\"elementor-widget-wrap elementor-element-populated\">\n\t\t\t\t\t\t<div class=\"elementor-element elementor-element-e1ab010 elementor-widget elementor-widget-heading\" data-id=\"e1ab010\" data-element_type=\"widget\" data-widget_type=\"heading.default\">\n\t\t\t\t<div class=\"elementor-widget-container\">\n\t\t\t\t\t<h2 class=\"elementor-heading-title elementor-size-xl\">GLAD LOOKS<\/h2>\t\t\t\t<\/div>\n\t\t\t\t<\/div>\n\t\t\t\t<div class=\"elementor-element elementor-element-6a5054a1 elementor-widget elementor-widget-text-editor\" data-id=\"6a5054a1\" data-element_type=\"widget\" data-widget_type=\"text-editor.default\">\n\t\t\t\t<div class=\"elementor-widget-container\">\n\t\t\t\t\t\t\t\t\t<p>Si quieres obtener el look completo dise\u00f1ado por Saras\u2019Best, dir\u00edgete a <strong><span style=\"color: #ffffff;\"><a style=\"color: #ffffff;\" href=\"https:\/\/sarasbest.com\/es\/glad-looks\/\"><span style=\"text-decoration: underline;\"><em>Glad Looks<\/em><\/span><\/a>.<\/span><\/strong> Aqu\u00ed encontrar\u00e1s el conjunto seleccionado perfectamente para cada ocasi\u00f3n! Por ejemplo\u00a0<span style=\"color: #ffffff;\"><a style=\"color: #ffffff;\" href=\"https:\/\/sarasbest.com\/es\/beach\/\"><strong><em><span style=\"text-decoration: underline;\">Playa<\/span><\/em><\/strong><\/a>, <a style=\"color: #ffffff;\" href=\"https:\/\/sarasbest.com\/es\/festive\/\"><span style=\"text-decoration: underline;\"><em><strong>Ocasiones Especiales<\/strong><\/em><\/span><\/a><\/span> y <span style=\"color: #ffffff;\"><a style=\"color: #ffffff;\" href=\"https:\/\/sarasbest.com\/es\/casual\/\"><span style=\"text-decoration: underline;\"><em><strong>Casual<\/strong><\/em><\/span><\/a><\/span>Obt\u00e9n ahora el mejor asesoramiento de los expertos de Saras'Best sobre el mejor atuendo para combinar con tus nuevas Glad Boots.<\/p><p>\u00bfPor qu\u00e9 esperar? Dir\u00edgete ahora y obt\u00e9n el aspecto que mereces.\u00a0<\/p>\t\t\t\t\t\t\t\t<\/div>\n\t\t\t\t<\/div>\n\t\t\t\t<div class=\"elementor-element elementor-element-4c557dbc elementor-align-center elementor-widget elementor-widget-button\" data-id=\"4c557dbc\" data-element_type=\"widget\" data-widget_type=\"button.default\">\n\t\t\t\t<div class=\"elementor-widget-container\">\n\t\t\t\t\t\t\t\t\t<div class=\"elementor-button-wrapper\">\n\t\t\t\t\t<a class=\"elementor-button elementor-button-link elementor-size-md elementor-animation-shrink\" href=\"https:\/\/sarasbest.com\/es\/glad-looks\/\">\n\t\t\t\t\t\t<span class=\"elementor-button-content-wrapper\">\n\t\t\t\t\t\t\t\t\t<span class=\"elementor-button-text\">Glad Looks<\/span>\n\t\t\t\t\t<\/span>\n\t\t\t\t\t<\/a>\n\t\t\t\t<\/div>\n\t\t\t\t\t\t\t\t<\/div>\n\t\t\t\t<\/div>\n\t\t\t\t\t<\/div>\n\t\t<\/div>\n\t\t\t\t\t<\/div>\n\t\t<\/section>\n\t\t\t\t<\/div>","protected":false},"excerpt":{"rendered":"<p>&#8220;The absolute WOW in new style and fashion!&#8221;Designed by Saras&#8217; Best, the fusion of sandal, boot, highest\u00a0quality\u00a0leather and accessories are an eye stopping show. These sandal boots can go from the beach, to the swimming pool, to the hotel and back to the casual sunny festivity. Glad Boots Collection Glad Boots 795.00\u20ac Black Champagne Glad [&hellip;]<\/p>","protected":false},"author":2,"featured_media":0,"parent":0,"menu_order":0,"comment_status":"closed","ping_status":"closed","template":"","meta":{"ocean_post_layout":"","ocean_both_sidebars_style":"","ocean_both_sidebars_content_width":0,"ocean_both_sidebars_sidebars_width":0,"ocean_sidebar":"0","ocean_second_sidebar":"0","ocean_disable_margins":"enable","ocean_add_body_class":"","ocean_shortcode_before_top_bar":"","ocean_shortcode_after_top_bar":"","ocean_shortcode_before_header":"","ocean_shortcode_after_header":"","ocean_has_shortcode":"","ocean_shortcode_after_title":"","ocean_shortcode_before_footer_widgets":"","ocean_shortcode_after_footer_widgets":"","ocean_shortcode_before_footer_bottom":"","ocean_shortcode_after_footer_bottom":"","ocean_display_top_bar":"default","ocean_display_header":"default","ocean_header_style":"","ocean_center_header_left_menu":"0","ocean_custom_header_template":"0","ocean_custom_logo":0,"ocean_custom_retina_logo":0,"ocean_custom_logo_max_width":0,"ocean_custom_logo_tablet_max_width":0,"ocean_custom_logo_mobile_max_width":0,"ocean_custom_logo_max_height":0,"ocean_custom_logo_tablet_max_height":0,"ocean_custom_logo_mobile_max_height":0,"ocean_header_custom_menu":"0","ocean_menu_typo_font_family":"0","ocean_menu_typo_font_subset":"","ocean_menu_typo_font_size":0,"ocean_menu_typo_font_size_tablet":0,"ocean_menu_typo_font_size_mobile":0,"ocean_menu_typo_font_size_unit":"px","ocean_menu_typo_font_weight":"","ocean_menu_typo_font_weight_tablet":"","ocean_menu_typo_font_weight_mobile":"","ocean_menu_typo_transform":"","ocean_menu_typo_transform_tablet":"","ocean_menu_typo_transform_mobile":"","ocean_menu_typo_line_height":0,"ocean_menu_typo_line_height_tablet":0,"ocean_menu_typo_line_height_mobile":0,"ocean_menu_typo_line_height_unit":"","ocean_menu_typo_spacing":0,"ocean_menu_typo_spacing_tablet":0,"ocean_menu_typo_spacing_mobile":0,"ocean_menu_typo_spacing_unit":"","ocean_menu_link_color":"","ocean_menu_link_color_hover":"","ocean_menu_link_color_active":"","ocean_menu_link_background":"","ocean_menu_link_hover_background":"","ocean_menu_link_active_background":"","ocean_menu_social_links_bg":"","ocean_menu_social_hover_links_bg":"","ocean_menu_social_links_color":"","ocean_menu_social_hover_links_color":"","ocean_disable_title":"default","ocean_disable_heading":"default","ocean_post_title":"","ocean_post_subheading":"","ocean_post_title_style":"","ocean_post_title_background_color":"","ocean_post_title_background":0,"ocean_post_title_bg_image_position":"","ocean_post_title_bg_image_attachment":"","ocean_post_title_bg_image_repeat":"","ocean_post_title_bg_image_size":"","ocean_post_title_height":0,"ocean_post_title_bg_overlay":0.5,"ocean_post_title_bg_overlay_color":"","ocean_disable_breadcrumbs":"default","ocean_breadcrumbs_color":"","ocean_breadcrumbs_separator_color":"","ocean_breadcrumbs_links_color":"","ocean_breadcrumbs_links_hover_color":"","ocean_display_footer_widgets":"default","ocean_display_footer_bottom":"default","ocean_custom_footer_template":"","footnotes":""},"class_list":["post-767","page","type-page","status-publish","hentry","entry","owp-thumbs-layout-horizontal","owp-btn-big","owp-tabs-layout-horizontal","has-no-thumbnails","has-product-nav"],"_links":{"self":[{"href":"https:\/\/sarasbest.com\/es\/wp-json\/wp\/v2\/pages\/767","targetHints":{"allow":["GET"]}}],"collection":[{"href":"https:\/\/sarasbest.com\/es\/wp-json\/wp\/v2\/pages"}],"about":[{"href":"https:\/\/sarasbest.com\/es\/wp-json\/wp\/v2\/types\/page"}],"author":[{"embeddable":true,"href":"https:\/\/sarasbest.com\/es\/wp-json\/wp\/v2\/users\/2"}],"replies":[{"embeddable":true,"href":"https:\/\/sarasbest.com\/es\/wp-json\/wp\/v2\/comments?post=767"}],"version-history":[{"count":101,"href":"https:\/\/sarasbest.com\/es\/wp-json\/wp\/v2\/pages\/767\/revisions"}],"predecessor-version":[{"id":2581,"href":"https:\/\/sarasbest.com\/es\/wp-json\/wp\/v2\/pages\/767\/revisions\/2581"}],"wp:attachment":[{"href":"https:\/\/sarasbest.com\/es\/wp-json\/wp\/v2\/media?parent=767"}],"curies":[{"name":"wp","href":"https:\/\/api.w.org\/{rel}","templated":true}]}}