{"id":75,"date":"2019-07-05T14:16:47","date_gmt":"2019-07-05T14:16:47","guid":{"rendered":"https:\/\/sarasbest.com\/?page_id=75"},"modified":"2024-09-03T23:39:37","modified_gmt":"2024-09-03T23:39:37","slug":"flagship-design","status":"publish","type":"page","link":"https:\/\/sarasbest.com\/es\/flagship-design\/","title":{"rendered":"Productos Estrella"},"content":{"rendered":"<h2>PRODUCTO ESTRELLA<\/h2>\n<p>Nada dice algo mejor de Saras\u2019Best que nuestras <a href=\"https:\/\/sarasbest.com\/es\/glad-boots\/\"><strong>Glad Boots<\/strong><\/a>. Hechas en piel de alta calidad, con piezas\nba\u00f1adas en oro y su suela transpirable\u2026 Simplemente est\u00e1n dise\u00f1adas para durar toda la vida sin que pasen de moda.\n\n\u00a1Se trata de un \"dise\u00f1o \u00fanico\" que se puede usar tanto con faldas, vestidos e incluso con Biquinis!<\/p>\n<p>\t\t\t\t\t\t\t\t\t\t\t\t\t\t<a href=\"https:\/\/sarasbest.com\/es\/glad-boots\/\"><br \/>\n\t\t\t\t\t\t\t<img fetchpriority=\"high\" decoding=\"async\" width=\"768\" height=\"512\" src=\"https:\/\/sarasbest.com\/wp-content\/uploads\/2020\/08\/Frozen-White-Glad-Boots-768x512.jpg\" alt=\"\" srcset=\"https:\/\/sarasbest.com\/wp-content\/uploads\/2020\/08\/Frozen-White-Glad-Boots-768x512.jpg 768w, https:\/\/sarasbest.com\/wp-content\/uploads\/2020\/08\/Frozen-White-Glad-Boots-300x200.jpg 300w, https:\/\/sarasbest.com\/wp-content\/uploads\/2020\/08\/Frozen-White-Glad-Boots-1024x683.jpg 1024w, https:\/\/sarasbest.com\/wp-content\/uploads\/2020\/08\/Frozen-White-Glad-Boots-600x400.jpg 600w, https:\/\/sarasbest.com\/wp-content\/uploads\/2020\/08\/Frozen-White-Glad-Boots.jpg 1200w\" sizes=\"(max-width: 768px) 100vw, 768px\" \/>\t\t\t\t\t\t\t\t<\/a><br \/>\n\t\t\t\t\t\t\t\t\t\t\t\t\t\t<a href=\"https:\/\/sarasbest.com\/es\/glad-boots\/\"><br \/>\n\t\t\t\t\t\t\t<img decoding=\"async\" src=\"https:\/\/sarasbest.com\/wp-content\/uploads\/elementor\/thumbs\/Glad-Boots-1-e1562418688210-oadh4a7s7t4tlne23i8zmsie6bz1wtel66a32gw9hc.png\" title=\"Glad Boots\" alt=\"Glad Boots\" loading=\"lazy\" \/>\t\t\t\t\t\t\t\t<\/a><br \/>\n\t\t\t<a href=\"https:\/\/sarasbest.com\/es\/glad-boots\/\"><br \/>\n\t\t\t\t\t\t\t\t\tCompra Ahora<br \/>\n\t\t\t\t\t<\/a><br \/>\n\t\t\t\t\t\t\t\t<a data-elementor-open-lightbox=\"yes\" data-elementor-lightbox-slideshow=\"1112fa2\" data-elementor-lightbox-title=\"Black Skirt + Chain Feature\" data-e-action-hash=\"#elementor-action%3Aaction%3Dlightbox%26settings%3DeyJpZCI6MTA4MSwidXJsIjoiaHR0cHM6XC9cL3NhcmFzYmVzdC5jb21cL3dwLWNvbnRlbnRcL3VwbG9hZHNcLzIwMjBcLzA4XC9CbGFjay1Ta2lydC1DaGFpbi1GZWF0dXJlLTEuanBnIiwic2xpZGVzaG93IjoiMTExMmZhMiJ9\" href=\"https:\/\/sarasbest.com\/es\/glad-boots\/\"><\/p>\n<figure><img decoding=\"async\" src=\"https:\/\/sarasbest.com\/wp-content\/uploads\/elementor\/thumbs\/Black-Skirt-Chain-Feature-1-otkse6c5i42cbjtd7xi504w7eq3nkbkun1n6tgpm2o.jpg\" alt=\"Black Skirt + Chain Feature\" \/><\/figure>\n<p><\/a><a data-elementor-open-lightbox=\"yes\" data-elementor-lightbox-slideshow=\"1112fa2\" data-elementor-lightbox-title=\"White Stone Trikini Feature\" data-e-action-hash=\"#elementor-action%3Aaction%3Dlightbox%26settings%3DeyJpZCI6MTE3MiwidXJsIjoiaHR0cHM6XC9cL3NhcmFzYmVzdC5jb21cL3dwLWNvbnRlbnRcL3VwbG9hZHNcLzIwMjBcLzA4XC9XaGl0ZS1TdG9uZS1UcmlraW5pLUZlYXR1cmUuanBnIiwic2xpZGVzaG93IjoiMTExMmZhMiJ9\" href=\"https:\/\/sarasbest.com\/es\/glad-boots\/\"><\/p>\n<figure><img decoding=\"async\" src=\"https:\/\/sarasbest.com\/wp-content\/uploads\/elementor\/thumbs\/White-Stone-Trikini-Feature-otku8nh8ub2der971nyacczrtqg5xphgg2leny5a0w.jpg\" alt=\"White Stone Trikini Feature\" \/><\/figure>\n<p><\/a><a data-elementor-open-lightbox=\"yes\" data-elementor-lightbox-slideshow=\"1112fa2\" data-elementor-lightbox-title=\"Black Champagne Glad Boots\" data-e-action-hash=\"#elementor-action%3Aaction%3Dlightbox%26settings%3DeyJpZCI6MTA0MywidXJsIjoiaHR0cHM6XC9cL3NhcmFzYmVzdC5jb21cL3dwLWNvbnRlbnRcL3VwbG9hZHNcLzIwMjBcLzA4XC9CbGFjay1DaGFtcGFnbmUtR2xhZC1Cb290cy5qcGciLCJzbGlkZXNob3ciOiIxMTEyZmEyIn0%3D\" href=\"https:\/\/sarasbest.com\/es\/glad-boots\/\"><\/p>\n<figure><img decoding=\"async\" src=\"https:\/\/sarasbest.com\/wp-content\/uploads\/elementor\/thumbs\/Black-Champagne-Glad-Boots-otkeloz1nef1yazfbtn6hx6bsz76vpku1opecyumm8.jpg\" alt=\"Black Champagne Glad Boots\" \/><\/figure>\n<p><\/a><a data-elementor-open-lightbox=\"yes\" data-elementor-lightbox-slideshow=\"1112fa2\" data-elementor-lightbox-title=\"Sun &amp; Fun 1\" data-e-action-hash=\"#elementor-action%3Aaction%3Dlightbox%26settings%3DeyJpZCI6MTEzNywidXJsIjoiaHR0cHM6XC9cL3NhcmFzYmVzdC5jb21cL3dwLWNvbnRlbnRcL3VwbG9hZHNcLzIwMjBcLzA4XC9TdW4tRnVuLTEuanBnIiwic2xpZGVzaG93IjoiMTExMmZhMiJ9\" href=\"https:\/\/sarasbest.com\/es\/glad-boots\/\"><\/p>\n<figure><img decoding=\"async\" src=\"https:\/\/sarasbest.com\/wp-content\/uploads\/elementor\/thumbs\/Sun-Fun-1-otktrgzfxbjp7c7ld8lrrp2gy74n8va2r1bwvvmbr4.jpg\" alt=\"Sun &amp; Fun 1\" \/><\/figure>\n<p><\/a><a data-elementor-open-lightbox=\"yes\" data-elementor-lightbox-slideshow=\"1112fa2\" data-elementor-lightbox-title=\"Black Caftan Feature\" data-e-action-hash=\"#elementor-action%3Aaction%3Dlightbox%26settings%3DeyJpZCI6MTAzNywidXJsIjoiaHR0cHM6XC9cL3NhcmFzYmVzdC5jb21cL3dwLWNvbnRlbnRcL3VwbG9hZHNcLzIwMjBcLzA4XC9CbGFjay1DYWZ0YW4tRmVhdHVyZS5qcGciLCJzbGlkZXNob3ciOiIxMTEyZmEyIn0%3D\" href=\"https:\/\/sarasbest.com\/es\/glad-boots\/\"><\/p>\n<figure><img decoding=\"async\" src=\"https:\/\/sarasbest.com\/wp-content\/uploads\/elementor\/thumbs\/Black-Caftan-Feature-otkegd7yx74k5upyfirad9kamdgb9gflbbmcgiqxvk.jpg\" alt=\"Black Caftan Feature\" \/><\/figure>\n<p><\/a><br \/>\n\t\t\t\t\t\t\t\t\t\t\t\t\t\t<a href=\"https:\/\/sarasbest.com\/es\/flagship-products\/\"><br \/>\n\t\t\t\t\t\t\t<img decoding=\"async\" src=\"https:\/\/sarasbest.com\/wp-content\/uploads\/elementor\/thumbs\/Site_Logo-oao05s38p6s1gaemy3g47x9eak55pjp2fo5vz80i68.png\" title=\"Site_Logo\" alt=\"Site_Logo\" loading=\"lazy\" \/>\t\t\t\t\t\t\t\t<\/a><\/p>\n<p>Saras&#8217; Best gold capped pendants are designed to be stunning. With distinctive fine leather patterns they are guaranteed to stand out from the rest of modern day jewellery. They say,<br \/>\u201cI am pretty, I am modern, and I know it\u201d.<br \/>These pendents are the perfect finishing touch for any outfit, casual or formal.\u00a0<\/p>\n<p>\t\t\t<a href=\"https:\/\/sarasbest.com\/es\/\"><br \/>\n\t\t\t\t\t\t\t\t\tCompra Ahora<br \/>\n\t\t\t\t\t<\/a><br \/>\n\t\t\t\t\t\t\t\t\t\t\t\t\t<img decoding=\"async\" width=\"1200\" height=\"1169\" src=\"https:\/\/sarasbest.com\/wp-content\/uploads\/2020\/08\/Pendents-Feature.jpg\" alt=\"\" srcset=\"https:\/\/sarasbest.com\/wp-content\/uploads\/2020\/08\/Pendents-Feature.jpg 1200w, https:\/\/sarasbest.com\/wp-content\/uploads\/2020\/08\/Pendents-Feature-300x292.jpg 300w, https:\/\/sarasbest.com\/wp-content\/uploads\/2020\/08\/Pendents-Feature-1024x998.jpg 1024w, https:\/\/sarasbest.com\/wp-content\/uploads\/2020\/08\/Pendents-Feature-768x748.jpg 768w, https:\/\/sarasbest.com\/wp-content\/uploads\/2020\/08\/Pendents-Feature-600x585.jpg 600w\" sizes=\"(max-width: 1200px) 100vw, 1200px\" \/><br \/>\n\t\t\t\t\t\t\t\t\t\t\t\t\t<img decoding=\"async\" width=\"300\" height=\"300\" src=\"https:\/\/sarasbest.com\/wp-content\/uploads\/2020\/08\/Glad-Look-Image-1x1-1-300x300.jpg\" alt=\"\" srcset=\"https:\/\/sarasbest.com\/wp-content\/uploads\/2020\/08\/Glad-Look-Image-1x1-1-300x300.jpg 300w, https:\/\/sarasbest.com\/wp-content\/uploads\/2020\/08\/Glad-Look-Image-1x1-1-150x150.jpg 150w, https:\/\/sarasbest.com\/wp-content\/uploads\/2020\/08\/Glad-Look-Image-1x1-1.jpg 600w, https:\/\/sarasbest.com\/wp-content\/uploads\/2020\/08\/Glad-Look-Image-1x1-1-100x100.jpg 100w\" sizes=\"(max-width: 300px) 100vw, 300px\" \/>\t\t\t\t\t\t\t\t\t\t\t\t\t<\/p>\n<h2>GLAD LOOKS<\/h2>\n<p><strong>\u00bfNo puedes decidir qu\u00e9 biquini y complementos quedar\u00e1n mejor juntos?<\/strong><br \/>No te preocupes, Saras 'Best lo tiene cubierto. Dir\u00edgete a&nbsp;<a style=\"color: #ffffff;\" href=\"https:\/\/sarasbest.com\/es\/glad-looks\/\"><strong><em>Glad Looks<\/em><\/strong><\/a>&nbsp;donde encontrar\u00e1s conjuntos perfectamente combinados para asegurarte de que luzcas perfecta tanto para&nbsp;<strong><em><a style=\"color: #ffffff;\" href=\"https:\/\/sarasbest.com\/es\/beach\/\">la playa como para la piscina<\/a><\/em>&nbsp;<\/strong>.<\/p>\n<p>\u00bfPor qu\u00e9 esperar? Dir\u00edgete ahora y obt\u00e9n el aspecto que mereces.&nbsp;<\/p>\n<p>\t\t\t<a href=\"https:\/\/sarasbest.com\/es\/glad-looks\/\"><br \/>\n\t\t\t\t\t\t\t\t\tGlad Looks<br \/>\n\t\t\t\t\t<\/a><\/p>","protected":false},"excerpt":{"rendered":"<p>flagship Design Nothing says Saras&#8217; Best like our flagship design, high quality leather Glad Boots. These are an \u201call-round performer\u201d that can be worn with all skirts, dresses and even with Bikinis! Produced using the highest quality leather, real gold accents and a durable sole, they are made to last a lifetime. Shop Now Saras&#8217; [&hellip;]<\/p>","protected":false},"author":2,"featured_media":0,"parent":0,"menu_order":0,"comment_status":"closed","ping_status":"closed","template":"","meta":{"ocean_post_layout":"","ocean_both_sidebars_style":"","ocean_both_sidebars_content_width":0,"ocean_both_sidebars_sidebars_width":0,"ocean_sidebar":"0","ocean_second_sidebar":"0","ocean_disable_margins":"enable","ocean_add_body_class":"","ocean_shortcode_before_top_bar":"","ocean_shortcode_after_top_bar":"","ocean_shortcode_before_header":"","ocean_shortcode_after_header":"","ocean_has_shortcode":"","ocean_shortcode_after_title":"","ocean_shortcode_before_footer_widgets":"","ocean_shortcode_after_footer_widgets":"","ocean_shortcode_before_footer_bottom":"","ocean_shortcode_after_footer_bottom":"","ocean_display_top_bar":"default","ocean_display_header":"default","ocean_header_style":"","ocean_center_header_left_menu":"0","ocean_custom_header_template":"0","ocean_custom_logo":0,"ocean_custom_retina_logo":0,"ocean_custom_logo_max_width":0,"ocean_custom_logo_tablet_max_width":0,"ocean_custom_logo_mobile_max_width":0,"ocean_custom_logo_max_height":0,"ocean_custom_logo_tablet_max_height":0,"ocean_custom_logo_mobile_max_height":0,"ocean_header_custom_menu":"0","ocean_menu_typo_font_family":"0","ocean_menu_typo_font_subset":"","ocean_menu_typo_font_size":0,"ocean_menu_typo_font_size_tablet":0,"ocean_menu_typo_font_size_mobile":0,"ocean_menu_typo_font_size_unit":"px","ocean_menu_typo_font_weight":"","ocean_menu_typo_font_weight_tablet":"","ocean_menu_typo_font_weight_mobile":"","ocean_menu_typo_transform":"","ocean_menu_typo_transform_tablet":"","ocean_menu_typo_transform_mobile":"","ocean_menu_typo_line_height":0,"ocean_menu_typo_line_height_tablet":0,"ocean_menu_typo_line_height_mobile":0,"ocean_menu_typo_line_height_unit":"","ocean_menu_typo_spacing":0,"ocean_menu_typo_spacing_tablet":0,"ocean_menu_typo_spacing_mobile":0,"ocean_menu_typo_spacing_unit":"","ocean_menu_link_color":"","ocean_menu_link_color_hover":"","ocean_menu_link_color_active":"","ocean_menu_link_background":"","ocean_menu_link_hover_background":"","ocean_menu_link_active_background":"","ocean_menu_social_links_bg":"","ocean_menu_social_hover_links_bg":"","ocean_menu_social_links_color":"","ocean_menu_social_hover_links_color":"","ocean_disable_title":"default","ocean_disable_heading":"default","ocean_post_title":"","ocean_post_subheading":"","ocean_post_title_style":"","ocean_post_title_background_color":"","ocean_post_title_background":0,"ocean_post_title_bg_image_position":"","ocean_post_title_bg_image_attachment":"","ocean_post_title_bg_image_repeat":"","ocean_post_title_bg_image_size":"","ocean_post_title_height":0,"ocean_post_title_bg_overlay":0.5,"ocean_post_title_bg_overlay_color":"","ocean_disable_breadcrumbs":"default","ocean_breadcrumbs_color":"","ocean_breadcrumbs_separator_color":"","ocean_breadcrumbs_links_color":"","ocean_breadcrumbs_links_hover_color":"","ocean_display_footer_widgets":"default","ocean_display_footer_bottom":"default","ocean_custom_footer_template":"","footnotes":""},"class_list":["post-75","page","type-page","status-publish","hentry","entry","owp-thumbs-layout-horizontal","owp-btn-big","owp-tabs-layout-horizontal","has-no-thumbnails","has-product-nav"],"_links":{"self":[{"href":"https:\/\/sarasbest.com\/es\/wp-json\/wp\/v2\/pages\/75","targetHints":{"allow":["GET"]}}],"collection":[{"href":"https:\/\/sarasbest.com\/es\/wp-json\/wp\/v2\/pages"}],"about":[{"href":"https:\/\/sarasbest.com\/es\/wp-json\/wp\/v2\/types\/page"}],"author":[{"embeddable":true,"href":"https:\/\/sarasbest.com\/es\/wp-json\/wp\/v2\/users\/2"}],"replies":[{"embeddable":true,"href":"https:\/\/sarasbest.com\/es\/wp-json\/wp\/v2\/comments?post=75"}],"version-history":[{"count":33,"href":"https:\/\/sarasbest.com\/es\/wp-json\/wp\/v2\/pages\/75\/revisions"}],"predecessor-version":[{"id":2490,"href":"https:\/\/sarasbest.com\/es\/wp-json\/wp\/v2\/pages\/75\/revisions\/2490"}],"wp:attachment":[{"href":"https:\/\/sarasbest.com\/es\/wp-json\/wp\/v2\/media?parent=75"}],"curies":[{"name":"wp","href":"https:\/\/api.w.org\/{rel}","templated":true}]}}